{"id":2310,"date":"2022-04-19T11:37:43","date_gmt":"2022-04-19T11:37:43","guid":{"rendered":"https:\/\/relaxlika.com\/sadrzaj\/"},"modified":"2024-01-31T08:27:05","modified_gmt":"2024-01-31T08:27:05","slug":"sadrzaj","status":"publish","type":"page","link":"https:\/\/relaxlika.com\/de\/sadrzaj\/","title":{"rendered":"Inhalt"},"content":{"rendered":"<p>[et_pb_section fb_built=&#8220;1&#8243; fullwidth=&#8220;on&#8220; _builder_version=&#8220;4.23&#8243; _module_preset=&#8220;default&#8220; global_colors_info=&#8220;{}&#8220;][et_pb_fullwidth_header title=&#8220;Inhalt&#8220; _builder_version=&#8220;4.23.4&#8243; _module_preset=&#8220;default&#8220; title_font=&#8220;Abhaya Libre|600|||||||&#8220; title_text_align=&#8220;center&#8220; title_font_size=&#8220;4rem&#8220; background_enable_color=&#8220;off&#8220; use_background_color_gradient=&#8220;on&#8220; background_color_gradient_direction=&#8220;170deg&#8220; background_color_gradient_stops=&#8220;rgba(0,0,0,0.18) 0%|rgba(0,0,0,0.5) 83%&#8220; background_color_gradient_overlays_image=&#8220;on&#8220; background_image=&#8220;https:\/\/relaxlika.com\/wp-content\/uploads\/2023\/12\/IMG_4220-scaled.jpg&#8220; parallax=&#8220;on&#8220; height=&#8220;90vh&#8220; hover_enabled=&#8220;0&#8243; custom_css_main_element=&#8220;display: flex;&#8220; global_colors_info=&#8220;{}&#8220; subhead=&#8220;Willkommen in unsere Oase des Friedens und der Sch\u00f6nheit, wo sich die Vergangenheit und Gegenwart in ein einzigartiges Erlebnis vereinigen. Unser Haus, das auf einem drei Jahrhunderte alten Fundament aufgebaut wurde, erwacht den Geist unserer Vorfahren in einem neuen Glanz.&#8220; sticky_enabled=&#8220;0&#8243; subhead_font=&#8220;Abhaya Libre||||||||&#8220; subhead_font_size=&#8220;22px&#8220; subhead_text_align=&#8220;center&#8220; title_text=&#8220;IMG_4220&#8243;][\/et_pb_fullwidth_header][\/et_pb_section][et_pb_section fb_built=&#8220;1&#8243; _builder_version=&#8220;4.17.1&#8243; _module_preset=&#8220;default&#8220; global_colors_info=&#8220;{}&#8220;][et_pb_row _builder_version=&#8220;4.17.3&#8243; _module_preset=&#8220;default&#8220; width=&#8220;100%&#8220; max_width=&#8220;75%&#8220; max_width_tablet=&#8220;75%&#8220; max_width_phone=&#8220;85%&#8220; max_width_last_edited=&#8220;on|desktop&#8220; global_colors_info=&#8220;{}&#8220;][et_pb_column type=&#8220;4_4&#8243; _builder_version=&#8220;4.17.1&#8243; _module_preset=&#8220;default&#8220; global_colors_info=&#8220;{}&#8220;][et_pb_text _builder_version=&#8220;4.23.4&#8243; _module_preset=&#8220;default&#8220; text_font=&#8220;Abhaya Libre||||||||&#8220; text_font_size=&#8220;1.5rem&#8220; text_line_height=&#8220;1.25em&#8220; animation_style=&#8220;fade&#8220; hover_enabled=&#8220;0&#8243; global_colors_info=&#8220;{}&#8220; sticky_enabled=&#8220;0&#8243;]<\/p>\n<p><span>Diese authentische Oase wurde aus der Liebe zum Familienerbe geschaffen, mit der urspr\u00fcnglichen Absicht einen Ort zu gestalten, wo wir von dem Alltag und von einem hektischen Stadtleben abschalten k\u00f6nnen und die Ruhe genie\u00dfen k\u00f6nnen. Doch, geleitet von der Liebe und Dankbarkeit f\u00fcr unsere Wurzeln, entwickelte sich die Bau zu einem leidenschaftlichen Projekt. Wir bekamen den Wunsch, diese Magie und Sch\u00f6nheit mit der ganzen Welt zu teilen. <\/span><\/p>\n<p><span>Es ist wundersch\u00f6n, das zu tun, was man wirklich liebt. Deswegen sind wir stolz darauf, unsere Liebe mit Ihnen teilen zu k\u00f6nnen und Ihnen die T\u00fcr unseres Zuhauses zu \u00f6ffnen. Es ist wohl bekannt, dass sich die Liebe durch das Geben vervielfacht und au\u00dferdem, gibt das ein gutes Beispiel f\u00fcr die kommende Generationen. <\/span><\/p>\n<p>[\/et_pb_text][\/et_pb_column][\/et_pb_row][et_pb_row column_structure=&#8220;2_3,1_3&#8243; _builder_version=&#8220;4.17.3&#8243; _module_preset=&#8220;default&#8220; width=&#8220;100%&#8220; max_width=&#8220;75%&#8220; max_width_tablet=&#8220;75%&#8220; max_width_phone=&#8220;85%&#8220; max_width_last_edited=&#8220;on|desktop&#8220; global_colors_info=&#8220;{}&#8220;][et_pb_column type=&#8220;2_3&#8243; _builder_version=&#8220;4.17.3&#8243; _module_preset=&#8220;default&#8220; global_colors_info=&#8220;{}&#8220;][et_pb_text _builder_version=&#8220;4.23.1&#8243; _module_preset=&#8220;default&#8220; text_font=&#8220;Abhaya Libre||||||||&#8220; text_font_size=&#8220;1.5rem&#8220; text_line_height=&#8220;1.25em&#8220; animation_style=&#8220;fade&#8220; global_colors_info=&#8220;{}&#8220;]<\/p>\n<p>Unser exklusives Ferienhaus mit <strong>Platz f\u00fcr 8 Personen<\/strong> bietet ein unvergessliches Erlebnis im Herzen der wundersch\u00f6nen Lika.<\/p>\n<p><span><strong>Das erste Objekt,<\/strong> ein perfekt ausgestattetes Ferienhaus, wurde mit Liebe zur Tradition geschaffen und mit modernem Komfort ausgestattet. Das Haus liegt auf einem <strong>10.000 Quadratmeter<\/strong> gro\u00dfen Privatgrundst\u00fcck und bietet Intimit\u00e4t und Ruhe mit einer gro\u00dfz\u00fcgigen Terrasse zum Entspannen und Genie\u00dfen der Stille der Umgebung. <\/span><\/p>\n<p><span><strong>Das zweite Geb\u00e4ude<\/strong> besteht aus <strong>drei<\/strong> Zimmern mit <strong>Badezimmern<\/strong> und mit Zugang zu den <strong>Wellnessr\u00e4umen<\/strong>. Jedes Zimmer bietet Privatsph\u00e4re, ist mit <strong>WLAN<\/strong>, <strong>Smart-TV<\/strong> und <strong>Minibar<\/strong> ausgestattet und bietet den G\u00e4sten die perfekte Balance zwischen Luxus und Komfort.<\/span><\/p>\n<p><span>Der Gemeinschaftsraum, <strong>das dritte Objekt<\/strong>, ist das Herzst\u00fcck von Relax Like. Eine <strong>Taverne<\/strong> mit offenem Kamin l\u00e4dt zum geselligen Beisammensein und gemeinsamen Essen ein, w\u00e4hrend eine voll ausgestattete K\u00fcche die Essenszubereitung einfach und angenehm macht. Der Au\u00dfenbereich, angereichert mit einem <strong>Swimmingpool<\/strong>, einer Au\u00dfenk\u00fcche und Grill, einem Kinderspielplatz und einem Garten mit saisonalem BIO-Gem\u00fcse, bietet unbegrenzte M\u00f6glichkeiten f\u00fcr Entspannung und Spa\u00df.<\/span><\/p>\n<p><span>Der aufregendste Teil des Erlebnisses ist definitiv der Au\u00dfenpool und der <strong>Wellnessbereich<\/strong>. <strong>Whirlpool<\/strong>, <strong>finnische BIO-Sauna<\/strong> mit Himalaya-Salz, <strong>Dampfsauna<\/strong>, <strong>Eisfass mit Quellwasser<\/strong> und weitere Accessoires schaffen eine Atmosph\u00e4re vollkommener Entspannung und Regeneration.<\/span><\/p>\n<p>&nbsp;<\/p>\n<p>[\/et_pb_text][\/et_pb_column][et_pb_column type=&#8220;1_3&#8243; _builder_version=&#8220;4.17.3&#8243; _module_preset=&#8220;default&#8220; global_colors_info=&#8220;{}&#8220;][et_pb_text _builder_version=&#8220;4.23.1&#8243; _module_preset=&#8220;default&#8220; text_font=&#8220;Abhaya Libre||||||||&#8220; global_colors_info=&#8220;{}&#8220;]<\/p>\n<h2>Ausstattungsmerkmale:<\/h2>\n<p>[\/et_pb_text][et_pb_blurb title=&#8220;Satelliten-\/Kabel-TV&#8220; use_icon=&#8220;on&#8220; font_icon=&#8220;&#xf7c0;||fa||900&#8243; icon_color=&#8220;#0A3358&#8243; icon_placement=&#8220;left&#8220; _builder_version=&#8220;4.23&#8243; _module_preset=&#8220;default&#8220; header_font_size=&#8220;1.75rem&#8220; custom_margin=&#8220;||2%||false|false&#8220; header_font_size_tablet=&#8220;1.75rem&#8220; header_font_size_phone=&#8220;1.5rem&#8220; header_font_size_last_edited=&#8220;on|phone&#8220; global_colors_info=&#8220;{}&#8220;][\/et_pb_blurb][et_pb_blurb title=&#8220;Parkplatz&#8220; use_icon=&#8220;on&#8220; font_icon=&#8220;&#xf1b9;||fa||900&#8243; icon_color=&#8220;#FFAE21&#8243; icon_placement=&#8220;left&#8220; _builder_version=&#8220;4.23&#8243; _module_preset=&#8220;default&#8220; header_font_size=&#8220;1.75rem&#8220; custom_margin=&#8220;||2%||false|false&#8220; header_font_size_tablet=&#8220;1.75rem&#8220; header_font_size_phone=&#8220;1.5rem&#8220; header_font_size_last_edited=&#8220;on|phone&#8220; global_colors_info=&#8220;{}&#8220;][\/et_pb_blurb][et_pb_blurb title=&#8220;Kinder willkommen&#8220; use_icon=&#8220;on&#8220; font_icon=&#8220;&#xf77c;||fa||900&#8243; icon_color=&#8220;#0A3358&#8243; icon_placement=&#8220;left&#8220; _builder_version=&#8220;4.23&#8243; _module_preset=&#8220;default&#8220; header_font_size=&#8220;1.75rem&#8220; custom_margin=&#8220;||2%||false|false&#8220; header_font_size_tablet=&#8220;1.75rem&#8220; header_font_size_phone=&#8220;1.5rem&#8220; header_font_size_last_edited=&#8220;on|phone&#8220; global_colors_info=&#8220;{}&#8220;][\/et_pb_blurb][et_pb_blurb title=&#8220;Klimaanlage&#8220; use_icon=&#8220;on&#8220; font_icon=&#8220;&#xf76b;||fa||900&#8243; icon_color=&#8220;#FFAE21&#8243; icon_placement=&#8220;left&#8220; _builder_version=&#8220;4.23&#8243; _module_preset=&#8220;default&#8220; header_font_size=&#8220;1.75rem&#8220; custom_margin=&#8220;||2%||false|false&#8220; header_font_size_tablet=&#8220;1.75rem&#8220; header_font_size_phone=&#8220;1.5rem&#8220; header_font_size_last_edited=&#8220;on|phone&#8220; global_colors_info=&#8220;{}&#8220;][\/et_pb_blurb][et_pb_blurb title=&#8220;Pool&#8220; use_icon=&#8220;on&#8220; font_icon=&#8220;&#xf5c5;||fa||900&#8243; icon_color=&#8220;#0A3358&#8243; icon_placement=&#8220;left&#8220; _builder_version=&#8220;4.23&#8243; _module_preset=&#8220;default&#8220; header_font_size=&#8220;1.75rem&#8220; custom_margin=&#8220;||2%||false|false&#8220; header_font_size_tablet=&#8220;1.75rem&#8220; header_font_size_phone=&#8220;1.5rem&#8220; header_font_size_last_edited=&#8220;on|phone&#8220; global_colors_info=&#8220;{}&#8220;][\/et_pb_blurb][et_pb_blurb title=&#8220;Whirlpool und Sauna&#8220; use_icon=&#8220;on&#8220; font_icon=&#8220;&#xf593;||fa||900&#8243; icon_color=&#8220;#FFAE21&#8243; icon_placement=&#8220;left&#8220; _builder_version=&#8220;4.23&#8243; _module_preset=&#8220;default&#8220; header_font_size=&#8220;1.75rem&#8220; custom_margin=&#8220;||2%||false|false&#8220; header_font_size_tablet=&#8220;1.75rem&#8220; header_font_size_phone=&#8220;1.5rem&#8220; header_font_size_last_edited=&#8220;on|phone&#8220; global_colors_info=&#8220;{}&#8220;][\/et_pb_blurb][et_pb_blurb title=&#8220;Internet&#8220; use_icon=&#8220;on&#8220; font_icon=&#8220;&#xf1eb;||fa||900&#8243; icon_color=&#8220;#0A3358&#8243; icon_placement=&#8220;left&#8220; _builder_version=&#8220;4.23.1&#8243; _module_preset=&#8220;default&#8220; header_font_size=&#8220;1.75rem&#8220; custom_margin=&#8220;||2%||false|false&#8220; header_font_size_tablet=&#8220;1.75rem&#8220; header_font_size_phone=&#8220;1.5rem&#8220; header_font_size_last_edited=&#8220;on|phone&#8220; global_colors_info=&#8220;{}&#8220;][\/et_pb_blurb][\/et_pb_column][\/et_pb_row][et_pb_row column_structure=&#8220;1_4,1_4,1_4,1_4&#8243; use_custom_gutter=&#8220;on&#8220; gutter_width=&#8220;1&#8243; _builder_version=&#8220;4.23.1&#8243; _module_preset=&#8220;default&#8220; width=&#8220;100%&#8220; max_width=&#8220;100%&#8220; animation_style=&#8220;slide&#8220; global_colors_info=&#8220;{}&#8220;][et_pb_column type=&#8220;1_4&#8243; _builder_version=&#8220;4.23.1&#8243; _module_preset=&#8220;default&#8220; global_colors_info=&#8220;{}&#8220;][et_pb_image src=&#8220;https:\/\/relaxlika.com\/wp-content\/uploads\/2023\/08\/IMG_3888-scaled.jpg&#8220; _builder_version=&#8220;4.23.1&#8243; _module_preset=&#8220;default&#8220; global_colors_info=&#8220;{}&#8220;][\/et_pb_image][\/et_pb_column][et_pb_column type=&#8220;1_4&#8243; _builder_version=&#8220;4.23.1&#8243; _module_preset=&#8220;default&#8220; global_colors_info=&#8220;{}&#8220;][et_pb_image src=&#8220;https:\/\/relaxlika.com\/wp-content\/uploads\/2023\/08\/IMG_3891.jpg&#8220; _builder_version=&#8220;4.23.1&#8243; _module_preset=&#8220;default&#8220; global_colors_info=&#8220;{}&#8220;][\/et_pb_image][\/et_pb_column][et_pb_column type=&#8220;1_4&#8243; _builder_version=&#8220;4.23.1&#8243; _module_preset=&#8220;default&#8220; global_colors_info=&#8220;{}&#8220;][et_pb_image src=&#8220;https:\/\/relaxlika.com\/wp-content\/uploads\/2023\/08\/IMG_3898-scaled.jpg&#8220; _builder_version=&#8220;4.23.1&#8243; _module_preset=&#8220;default&#8220; global_colors_info=&#8220;{}&#8220;][\/et_pb_image][\/et_pb_column][et_pb_column type=&#8220;1_4&#8243; _builder_version=&#8220;4.23.1&#8243; _module_preset=&#8220;default&#8220; global_colors_info=&#8220;{}&#8220;][et_pb_image src=&#8220;https:\/\/relaxlika.com\/wp-content\/uploads\/2023\/08\/IMG_3920-scaled.jpg&#8220; _builder_version=&#8220;4.23.1&#8243; _module_preset=&#8220;default&#8220; global_colors_info=&#8220;{}&#8220;][\/et_pb_image][\/et_pb_column][\/et_pb_row][\/et_pb_section]<\/p>\n","protected":false},"excerpt":{"rendered":"<p>Diese authentische Oase wurde aus der Liebe zum Familienerbe geschaffen, mit der urspr\u00fcnglichen Absicht einen Ort zu gestalten, wo wir von dem Alltag und von einem hektischen Stadtleben abschalten k\u00f6nnen und die Ruhe genie\u00dfen k\u00f6nnen. Doch, geleitet von der Liebe und Dankbarkeit f\u00fcr unsere Wurzeln, entwickelte sich die Bau zu einem leidenschaftlichen Projekt. Wir bekamen [&hellip;]<\/p>\n","protected":false},"author":1,"featured_media":0,"parent":0,"menu_order":0,"comment_status":"closed","ping_status":"closed","template":"","meta":{"_et_pb_use_builder":"on","_et_pb_old_content":"","_et_gb_content_width":"","footnotes":""},"class_list":["post-2310","page","type-page","status-publish","hentry"],"_links":{"self":[{"href":"https:\/\/relaxlika.com\/de\/wp-json\/wp\/v2\/pages\/2310","targetHints":{"allow":["GET"]}}],"collection":[{"href":"https:\/\/relaxlika.com\/de\/wp-json\/wp\/v2\/pages"}],"about":[{"href":"https:\/\/relaxlika.com\/de\/wp-json\/wp\/v2\/types\/page"}],"author":[{"embeddable":true,"href":"https:\/\/relaxlika.com\/de\/wp-json\/wp\/v2\/users\/1"}],"replies":[{"embeddable":true,"href":"https:\/\/relaxlika.com\/de\/wp-json\/wp\/v2\/comments?post=2310"}],"version-history":[{"count":9,"href":"https:\/\/relaxlika.com\/de\/wp-json\/wp\/v2\/pages\/2310\/revisions"}],"predecessor-version":[{"id":2439,"href":"https:\/\/relaxlika.com\/de\/wp-json\/wp\/v2\/pages\/2310\/revisions\/2439"}],"wp:attachment":[{"href":"https:\/\/relaxlika.com\/de\/wp-json\/wp\/v2\/media?parent=2310"}],"curies":[{"name":"wp","href":"https:\/\/api.w.org\/{rel}","templated":true}]}}